{"id":3,"date":"2023-09-06T10:20:46","date_gmt":"2023-09-06T10:20:46","guid":{"rendered":"https:\/\/magnummanagement.fi\/home\/magnummanagement\/public_html\/?page_id=3"},"modified":"2023-11-19T21:25:37","modified_gmt":"2023-11-19T19:25:37","slug":"privacy-policy","status":"publish","type":"page","link":"https:\/\/magnummanagement.fi\/?page_id=3","title":{"rendered":"Tietosuojalauseke"},"content":{"rendered":"\n<p>Asiakkaiden yksityisyys ja tietosuoja ovat MagnumManagement Oy:lle eritt\u00e4in t\u00e4rke\u00e4ss\u00e4 asemassa ja sitoudumme suojaamaan henkil\u00f6tietojen yksityisyytt\u00e4. Teemme s\u00e4\u00e4nn\u00f6llist\u00e4 ty\u00f6t\u00e4 sek\u00e4 tietosuojan ett\u00e4 tietoturvan osalta ja tarvittaessa kehit\u00e4mme toimintaamme parantamaan n\u00e4it\u00e4 osa-alueita.<\/p>\n\n\n\n<p>Tietosuojasta sek\u00e4 henkil\u00f6tietojen k\u00e4sittelyst\u00e4 kerromme internetsivuillamme sek\u00e4 tarvittaessa toimitamme tiedot pyynn\u00f6st\u00e4 rekister\u00f6idylle. Henkil\u00f6tietojen k\u00e4sittely on m\u00e4\u00e4ritelty ja dokumentoitu perusteellisesti. Tietosuojadokumentaatiota p\u00e4ivit\u00e4mme tarvittaessa ja muutoksista ilmoitamme internetsivuillamme. Muutosp\u00e4iv\u00e4m\u00e4\u00e4r\u00e4 on aina mainittu.<\/p>\n\n\n\n<p>Henkil\u00f6tietoja ker\u00e4t\u00e4\u00e4n erilaisiin tarkoituksiin ja erityyppisi\u00e4 tietosis\u00e4lt\u00f6j\u00e4 k\u00e4sitell\u00e4\u00e4n erilaisten k\u00e4ytt\u00f6tarkoitusten mukaisesti. T\u00e4ss\u00e4 selosteessa kuvaamme tarkemmin MagnumManagement Oy:n asiakasrekisterin tiedot sek\u00e4 k\u00e4ytt\u00f6tarkoitukset.<\/p>\n\n\n\n<h3 class=\"wp-block-heading\">&nbsp;<\/h3>\n\n\n\n<h3 class=\"wp-block-heading\">1.Rekisterin pit\u00e4j\u00e4<\/h3>\n\n\n\n<p>MagnumManagement Oy<\/p>\n\n\n\n<p>Y-tunnus: 0869602-2<\/p>\n\n\n\n<p>Asemamiehenkatu 2, 00520 Helsinki<\/p>\n\n\n\n<p>Puh.&nbsp;<a href=\"tel:+358504726109\">+358&nbsp;50 472 6109<\/a><\/p>\n\n\n\n<p>Tietosuoja-asioissa yhteydenotot osoitteeseen\u00a0<a href=\"mailto:yhteys@magnumlive.fi\">yhteys@magnumlive.fi<\/a><\/p>\n\n\n\n<h3 class=\"wp-block-heading\">&nbsp;<\/h3>\n\n\n\n<h3 class=\"wp-block-heading\">2. Rekisterin nimi<\/h3>\n\n\n\n<p>MagnumManagementin asiakasrekisteri<\/p>\n\n\n\n<h3 class=\"wp-block-heading\">&nbsp;<\/h3>\n\n\n\n<h3 class=\"wp-block-heading\">3. Henkil\u00f6tietojen k\u00e4sittelyn m\u00e4\u00e4rittelyt<\/h3>\n\n\n\n<p>Olemme analysoineet, mit\u00e4 henkil\u00f6tietojen k\u00e4sittely tarkoittaa asiakasrekisterimme osalta. Olemme muun muassa m\u00e4\u00e4ritelleet, millaisia tietoja ker\u00e4t\u00e4\u00e4n ja tallennetaan ja miten kauan tietoja s\u00e4ilytet\u00e4\u00e4n. Henkil\u00f6tietoja ei k\u00e4sitell\u00e4 tai s\u00e4ilytet\u00e4 tarpeettomasti ja kaikki tarpeettomat tiedot poistetaan. Henkil\u00f6tietojen s\u00e4ilytysaikoja m\u00e4\u00e4ritelt\u00e4ess\u00e4 on huomioitu muu lains\u00e4\u00e4d\u00e4nt\u00f6 ja sellaiset tekij\u00e4t, jotka vaikuttavat henkil\u00f6tietojen s\u00e4ilytysvelvollisuuteen.<\/p>\n\n\n\n<p>Henkil\u00f6tietojen k\u00e4sittelij\u00e4t on rajattu toimenkuvien mukaisesti ja tietoja k\u00e4sittelee ainoastaan sellaiset henkil\u00f6t henkil\u00f6kunnastamme, joiden ty\u00f6nkuva vaatii tietojen k\u00e4sittely\u00e4. Henkil\u00f6tietojen k\u00e4sittely\u00e4 j\u00e4rjestelmiss\u00e4 on rajattu erilaisten roolien avulla, jolloin k\u00e4yt\u00f6ss\u00e4 on ainoastaan kulloinkin tarvittava henkil\u00f6tieto.<\/p>\n\n\n\n<p>Henkil\u00f6tietojen k\u00e4sittely tapahtuu laadittujen periaatteiden mukaisesti, joita ovat lainmukaisuus, kohtuullisuus ja l\u00e4pin\u00e4kyvyys, k\u00e4ytt\u00f6tarkoitussidonnaisuus, tietojen minimointi ja t\u00e4sm\u00e4llisyys sek\u00e4 luottamuksellisuus. Periaatteet huomioidaan k\u00e4yt\u00e4nn\u00f6n tasolla toiminnassamme ja olemme kouluttaneet henkil\u00f6kuntamme toimimaan periaatteiden mukaisesti.<\/p>\n\n\n\n<p>Manuaalisten, henkil\u00f6tietoja sis\u00e4lt\u00e4vien, asiakirjojen k\u00e4sittelyst\u00e4 on annettu ohjeet henkil\u00f6kunnalle ja henkil\u00f6tietojen k\u00e4sittely on p\u00e4\u00e4s\u00e4\u00e4nt\u00f6isesti digitaalista.<\/p>\n\n\n\n<p>Rekisteriss\u00e4 olevien tietojen k\u00e4sittely ja s\u00e4ilytys perustuu joko sopimussuhteeseen yrityksemme kanssa, henkil\u00f6lt\u00e4 saatuun suostumukseen tai yrityksemme oikeutettuun etuun ker\u00e4t\u00e4 tietoa liiketoimintamme edellytyksen kannalta.<\/p>\n\n\n\n<p>Asiakasrekisterin henkil\u00f6tietoja k\u00e4sitell\u00e4\u00e4n oikeutetun edun perusteella. Uutiskirjeiden l\u00e4hett\u00e4misen yhteydess\u00e4 tapahtuvat henkil\u00f6tietojen k\u00e4sittely perustuu rekister\u00f6idyn suostumukseen, joka on annettu uutiskirjeen tilauksen yhteydess\u00e4<\/p>\n\n\n\n<h3 class=\"wp-block-heading\">&nbsp;<\/h3>\n\n\n\n<h3 class=\"wp-block-heading\">4. Henkil\u00f6tietojen k\u00e4sittelyn tarkoitus<\/h3>\n\n\n\n<p>Asiakasrekisterin henkil\u00f6tietoja k\u00e4sitell\u00e4\u00e4n vain tarpeeseen ja k\u00e4ytt\u00f6 on ennalta m\u00e4\u00e4ritelty\u00e4. Rekisterin tietoja k\u00e4ytet\u00e4\u00e4n:<\/p>\n\n\n\n<ul class=\"wp-block-list\">\n<li>asiakassuhteen yll\u00e4pitoon<\/li>\n\n\n\n<li>tilausten k\u00e4sittelyyn ja<\/li>\n\n\n\n<li>laskutukseen<\/li>\n\n\n\n<li>rekister\u00f6idyn oikeuksien toteuttamiseen<\/li>\n\n\n\n<li>asiakaspalveluun ja viestint\u00e4\u00e4n<\/li>\n\n\n\n<li>tapahtumien j\u00e4rjest\u00e4miseen<\/li>\n\n\n\n<li>tapahtumatilojen hallintaan<\/li>\n\n\n\n<li>MagnumLive Oy:n palvelujen markkinointiin<\/li>\n<\/ul>\n\n\n\n<p>Tietoja ei k\u00e4ytet\u00e4 automatisoituun p\u00e4\u00e4t\u00f6ksentekoon tai profilointiin.<\/p>\n\n\n\n<h3 class=\"wp-block-heading\">&nbsp;<\/h3>\n\n\n\n<h3 class=\"wp-block-heading\">5. Mit\u00e4 tietoja ker\u00e4\u00e4mme?<\/h3>\n\n\n\n<p>Ker\u00e4\u00e4mme seuraavia henkil\u00f6tietoja:<\/p>\n\n\n\n<ul class=\"wp-block-list\">\n<li>Nimi<\/li>\n\n\n\n<li>S\u00e4hk\u00f6postiosoite<\/li>\n\n\n\n<li>Puhelinnumero<\/li>\n\n\n\n<li>Osoite<\/li>\n\n\n\n<li>Markkinointilupa- tai kielto<\/li>\n\n\n\n<li>Tilaus- ja laskutustiedot<\/li>\n\n\n\n<li>IP-osoite<\/li>\n\n\n\n<li>Edellisten, yksil\u00f6ityjen tietojen muutos- ja lokitiedot<\/li>\n<\/ul>\n\n\n\n<h3 class=\"wp-block-heading\">&nbsp;<\/h3>\n\n\n\n<h3 class=\"wp-block-heading\">6. S\u00e4\u00e4nn\u00f6nmukaiset tietol\u00e4hteet<\/h3>\n\n\n\n<p>Rekisteriin tallennettavat tiedot saadaan asiakkaalta tarjouspyynn\u00f6n l\u00e4hett\u00e4misen tai tilauksen yhteydess\u00e4, lomakkeilla l\u00e4hetetyst\u00e4 viestist\u00e4, s\u00e4hk\u00f6postitse, puhelimitse, sopimuksista, asiakastapaamisista ja muista tilanteista, joissa asiakas luovuttaa tietojaan. Lokitietoja kertyy j\u00e4rjestelmist\u00e4 tietojen p\u00e4ivitysten yhteydess\u00e4.<\/p>\n\n\n\n<h3 class=\"wp-block-heading\">&nbsp;<\/h3>\n\n\n\n<h3 class=\"wp-block-heading\">7. Henkil\u00f6tietojen luovuttaminen<\/h3>\n\n\n\n<p>Henkil\u00f6tietoja k\u00e4sitell\u00e4\u00e4n MagnumManagement Oy:n ulkopuolella vain sopimussuhteessa olevien yhteisty\u00f6tahojen tai asiakkaiden toimesta. Sopimuksissa on erikseen huomioitu tietosuoja ja henkil\u00f6tietojen k\u00e4sittely.<\/p>\n\n\n\n<p>Tietosuoja, tietoturva ja henkil\u00f6tietojen k\u00e4sittely huomioidaan alihankkijoiden, yhteisty\u00f6tahojen sek\u00e4 sopimuskumppaneidemme kanssa ja velvoitamme heid\u00e4t kaikki t\u00e4ytt\u00e4m\u00e4\u00e4n laatuvaatimuksemme.<\/p>\n\n\n\n<p>Henkil\u00f6tietoja ei luovuteta eteenp\u00e4in muutoin, kuin lain vaatimusten mukaisesti, tai sellaisissa tilanteissa, joissa tietojen luovuttaminen on pakollista ty\u00f6nantaja-asiakkaan etujen ja oikeuksien toteuttamista varten.<\/p>\n\n\n\n<p>Tietoja ei siirret\u00e4 Euroopan unionin tai Euroopan talousalueen ulkopuolelle, ellei siirt\u00e4miseen ole v\u00e4lit\u00f6nt\u00e4 tarvetta, esimerkiksi palvelun teknisen toteuttamisen vuoksi. T\u00e4ll\u00f6in rekisterinpit\u00e4j\u00e4 huolehtii tietosuojan tasosta lains\u00e4\u00e4d\u00e4nn\u00f6n edellytt\u00e4m\u00e4ll\u00e4 tavalla ja varmistaa korkean tietosuojatason my\u00f6s sopimuksin.<\/p>\n\n\n\n<h3 class=\"wp-block-heading\">&nbsp;<\/h3>\n\n\n\n<h3 class=\"wp-block-heading\">8. Rekisterin suojauksen periaatteet ja tietoturva<\/h3>\n\n\n\n<p>Rekisterin k\u00e4sittelyss\u00e4 noudatetaan huolellisuutta ja tietoj\u00e4rjestelmien avulla k\u00e4sitelt\u00e4v\u00e4t tiedot suojataan asianmukaisesti. Rekisteritietoja s\u00e4ilytet\u00e4\u00e4n Internet-palvelimilla. Laitteiston fyysisest\u00e4 ja digitaalisesta tietoturvasta huolehditaan asiaankuuluvasti.<\/p>\n\n\n\n<p>Rekisterinpit\u00e4j\u00e4 huolehtii siit\u00e4, ett\u00e4 tallennettuja tietoja sek\u00e4 palvelimien k\u00e4ytt\u00f6oikeuksia ja muita henkil\u00f6tietojen turvallisuuden kannalta kriittisi\u00e4 tietoja k\u00e4sitell\u00e4\u00e4n luottamuksellisesti ja vain niiden ty\u00f6ntekij\u00f6iden toimesta, joiden ty\u00f6nkuvaan se kuuluu. Ty\u00f6ntekij\u00f6iden lis\u00e4ksi my\u00f6s verkkopalvelun yll\u00e4pit\u00e4jill\u00e4 on p\u00e4\u00e4sy henkil\u00f6rekisteriin. Verkkopalvelun yll\u00e4pit\u00e4jien kanssa on tehty tietojenk\u00e4sittelysopimus, jossa on m\u00e4\u00e4ritelty, miten he voivat k\u00e4sitell\u00e4 tietoja.<\/p>\n\n\n\n<p>Virustorjunta on k\u00e4yt\u00f6ss\u00e4 ja poikkeamiin reagoidaan. My\u00f6s palomuurin havaitsemiin poikkeamiin reagoidaan.<\/p>\n\n\n\n<p>Verkkosivustomme on rakennettu tietoturvalliseksi. K\u00e4yt\u00e4mme suojattua SSL-yhteytt\u00e4, palomuureja ja sivustoon kirjautuminen on salasanojen ja k\u00e4ytt\u00e4j\u00e4tunnusten takana. Sivustolle suoritetaan s\u00e4\u00e4nn\u00f6lliset p\u00e4ivitykset, mik\u00e4 vahvistaa sivuston tietoturvaa.<\/p>\n\n\n\n<h3 class=\"wp-block-heading\">&nbsp;<\/h3>\n\n\n\n<h3 class=\"wp-block-heading\">9. Henkil\u00f6kunnan tietosuojaosaaminen<\/h3>\n\n\n\n<p>Seuraamme aktiivisesti alan tietosuojak\u00e4yt\u00e4nteit\u00e4 ja huolehdimme henkil\u00f6kunnan tietosuojaosaamisen tasosta. Osaamisessa huomioidaan kunkin henkil\u00f6n rooli ja mik\u00e4li toimenkuvaan kuuluu merkitt\u00e4viss\u00e4 m\u00e4\u00e4rin henkil\u00f6tietojen k\u00e4sittely, osaamisen on oltava korkealla tasolla.<\/p>\n\n\n\n<h3 class=\"wp-block-heading\">&nbsp;<\/h3>\n\n\n\n<h3 class=\"wp-block-heading\">10. Asiakkaan oikeudet<\/h3>\n\n\n\n<p>Rekister\u00f6ity voi k\u00e4ytt\u00e4\u00e4 kaikkia tietosuoja-asetuksen mukaisia oikeuksiaan l\u00e4hett\u00e4m\u00e4ll\u00e4 allekirjoitetun, kirjallisen pyynn\u00f6n tai s\u00e4hk\u00f6postin kohdassa 1 mainittuihin yhteystietoihin. Tietopyynt\u00f6ihin reagoimme mahdollisimman pikaisesti ja jos jostain syyst\u00e4 emme pysty toteuttamaan pyynt\u00f6\u00e4 kuukauden sis\u00e4ll\u00e4, ilmoitamme siit\u00e4 v\u00e4litt\u00f6m\u00e4sti asianosaiselle.<\/p>\n\n\n\n<p>Yleisen tietosuoja-asetuksen mukaisia rekister\u00f6idyn oikeuksia ovat:<\/p>\n\n\n\n<ul class=\"wp-block-list\">\n<li>Oikeus tietoihin<\/li>\n\n\n\n<li>Oikeus tietojen oikaisemiseen<\/li>\n\n\n\n<li>Oikeus tietojen poistamiseen<\/li>\n\n\n\n<li>Oikeus k\u00e4sittelyn rajoittamiseen<\/li>\n\n\n\n<li>K\u00e4sittelyn vastustamisoikeus<\/li>\n\n\n\n<li>Oikeus siirt\u00e4\u00e4 tiedot j\u00e4rjestelm\u00e4st\u00e4 toiseen<\/li>\n<\/ul>\n\n\n\n<p>Rekister\u00f6idyn oikeuksien toteuttamisessa huomioidaan Yleisen tietosuoja-asetuksen mukaiset m\u00e4\u00e4ritykset, velvoitteet ja rajoitukset.<\/p>\n\n\n\n<p>Suoramarkkinoinnin kielt\u00e4minen tapahtuu l\u00e4hett\u00e4m\u00e4ll\u00e4 s\u00e4hk\u00f6postia osoitteeseen&nbsp;<a href=\"mailto:uutiset@magnumlive.fi\">uutiset@magnumlive.fi<\/a><\/p>\n\n\n\n<h3 class=\"wp-block-heading\">&nbsp;<\/h3>\n\n\n\n<h3 class=\"wp-block-heading\">11. Ev\u00e4steet<\/h3>\n\n\n\n<p>Sivustollamme on ev\u00e4steit\u00e4, jotka ker\u00e4\u00e4v\u00e4t tietoa verkkosivustomme k\u00e4ytt\u00e4jist\u00e4.<\/p>\n\n\n\n<p>Ev\u00e4steet mahdollistavat esimerkiksi Google Analyticsin ja Facebookin markkinoinnin seurannan. N\u00e4iden tietojen avulla pyrimme parantamaan verkkosivustoamme ja kohdentamaan markkinointia onnistuneemmin. Ev\u00e4steet voi ottaa pois k\u00e4yt\u00f6st\u00e4 oman selaimesi asetuksista, jolloin k\u00e4ynti\u00e4si verkkosivustollamme ei voi seurata.<\/p>\n","protected":false},"excerpt":{"rendered":"<p>Asiakkaiden yksityisyys ja tietosuoja ovat MagnumManagement Oy:lle eritt\u00e4in t\u00e4rke\u00e4ss\u00e4 asemassa ja sitoudumme suojaamaan henkil\u00f6tietojen yksityisyytt\u00e4. Teemme s\u00e4\u00e4nn\u00f6llist\u00e4 ty\u00f6t\u00e4 sek\u00e4 tietosuojan ett\u00e4 tietoturvan osalta ja tarvittaessa kehit\u00e4mme toimintaamme parantamaan n\u00e4it\u00e4 osa-alueita. Tietosuojasta sek\u00e4 henkil\u00f6tietojen k\u00e4sittelyst\u00e4 kerromme internetsivuillamme sek\u00e4 tarvittaessa toimitamme tiedot pyynn\u00f6st\u00e4 rekister\u00f6idylle. Henkil\u00f6tietojen k\u00e4sittely on m\u00e4\u00e4ritelty ja dokumentoitu perusteellisesti. Tietosuojadokumentaatiota p\u00e4ivit\u00e4mme tarvittaessa ja muutoksista ilmoitamme &hellip; <\/p>\n<p class=\"link-more\"><a href=\"https:\/\/magnummanagement.fi\/?page_id=3\" class=\"more-link\">Read more<span class=\"screen-reader-text\"> &#8221;Tietosuojalauseke&#8221;<\/span><\/a><\/p>\n","protected":false},"author":1,"featured_media":0,"parent":0,"menu_order":0,"comment_status":"closed","ping_status":"open","template":"","meta":{"footnotes":""},"class_list":["post-3","page","type-page","status-publish","hentry"],"yoast_head":"<!-- This site is optimized with the Yoast SEO plugin v27.4 - https:\/\/yoast.com\/product\/yoast-seo-wordpress\/ -->\n<title>Tietosuojalauseke - Magnum-konserni<\/title>\n<meta name=\"description\" content=\"Haluamme pit\u00e4\u00e4 hyv\u00e4\u00e4 huolta asiakkaistamme ja tietosuojasta. T\u00e4\u00e4ll\u00e4 voit tutustua MagnumManagementin tietosuojalausekkeeseen.\" \/>\n<meta name=\"robots\" content=\"index, follow, max-snippet:-1, max-image-preview:large, max-video-preview:-1\" \/>\n<link rel=\"canonical\" href=\"https:\/\/magnummanagement.fi\/?page_id=3\" \/>\n<meta property=\"og:locale\" content=\"fi_FI\" \/>\n<meta property=\"og:type\" content=\"article\" \/>\n<meta property=\"og:title\" content=\"Tietosuojalauseke - Magnum-konserni\" \/>\n<meta property=\"og:description\" content=\"Haluamme pit\u00e4\u00e4 hyv\u00e4\u00e4 huolta asiakkaistamme ja tietosuojasta. T\u00e4\u00e4ll\u00e4 voit tutustua MagnumManagementin tietosuojalausekkeeseen.\" \/>\n<meta property=\"og:url\" content=\"https:\/\/magnummanagement.fi\/?page_id=3\" \/>\n<meta property=\"og:site_name\" content=\"Magnum-konserni\" \/>\n<meta property=\"article:modified_time\" content=\"2023-11-19T19:25:37+00:00\" \/>\n<meta name=\"twitter:card\" content=\"summary_large_image\" \/>\n<meta name=\"twitter:label1\" content=\"Arvioitu lukuaika\" \/>\n\t<meta name=\"twitter:data1\" content=\"5 minuuttia\" \/>\n<script type=\"application\/ld+json\" class=\"yoast-schema-graph\">{\"@context\":\"https:\\\/\\\/schema.org\",\"@graph\":[{\"@type\":\"WebPage\",\"@id\":\"https:\\\/\\\/magnummanagement.fi\\\/?page_id=3\",\"url\":\"https:\\\/\\\/magnummanagement.fi\\\/?page_id=3\",\"name\":\"Tietosuojalauseke - Magnum-konserni\",\"isPartOf\":{\"@id\":\"https:\\\/\\\/magnummanagement.fi\\\/#website\"},\"datePublished\":\"2023-09-06T10:20:46+00:00\",\"dateModified\":\"2023-11-19T19:25:37+00:00\",\"description\":\"Haluamme pit\u00e4\u00e4 hyv\u00e4\u00e4 huolta asiakkaistamme ja tietosuojasta. T\u00e4\u00e4ll\u00e4 voit tutustua MagnumManagementin tietosuojalausekkeeseen.\",\"breadcrumb\":{\"@id\":\"https:\\\/\\\/magnummanagement.fi\\\/?page_id=3#breadcrumb\"},\"inLanguage\":\"fi\",\"potentialAction\":[{\"@type\":\"ReadAction\",\"target\":[\"https:\\\/\\\/magnummanagement.fi\\\/?page_id=3\"]}]},{\"@type\":\"BreadcrumbList\",\"@id\":\"https:\\\/\\\/magnummanagement.fi\\\/?page_id=3#breadcrumb\",\"itemListElement\":[{\"@type\":\"ListItem\",\"position\":1,\"name\":\"Etusivu\",\"item\":\"https:\\\/\\\/magnummanagement.fi\\\/\"},{\"@type\":\"ListItem\",\"position\":2,\"name\":\"Tietosuojalauseke\"}]},{\"@type\":\"WebSite\",\"@id\":\"https:\\\/\\\/magnummanagement.fi\\\/#website\",\"url\":\"https:\\\/\\\/magnummanagement.fi\\\/\",\"name\":\"Magnum-konserni\",\"description\":\"\",\"potentialAction\":[{\"@type\":\"SearchAction\",\"target\":{\"@type\":\"EntryPoint\",\"urlTemplate\":\"https:\\\/\\\/magnummanagement.fi\\\/?s={search_term_string}\"},\"query-input\":{\"@type\":\"PropertyValueSpecification\",\"valueRequired\":true,\"valueName\":\"search_term_string\"}}],\"inLanguage\":\"fi\"}]}<\/script>\n<!-- \/ Yoast SEO plugin. -->","yoast_head_json":{"title":"Tietosuojalauseke - Magnum-konserni","description":"Haluamme pit\u00e4\u00e4 hyv\u00e4\u00e4 huolta asiakkaistamme ja tietosuojasta. T\u00e4\u00e4ll\u00e4 voit tutustua MagnumManagementin tietosuojalausekkeeseen.","robots":{"index":"index","follow":"follow","max-snippet":"max-snippet:-1","max-image-preview":"max-image-preview:large","max-video-preview":"max-video-preview:-1"},"canonical":"https:\/\/magnummanagement.fi\/?page_id=3","og_locale":"fi_FI","og_type":"article","og_title":"Tietosuojalauseke - Magnum-konserni","og_description":"Haluamme pit\u00e4\u00e4 hyv\u00e4\u00e4 huolta asiakkaistamme ja tietosuojasta. T\u00e4\u00e4ll\u00e4 voit tutustua MagnumManagementin tietosuojalausekkeeseen.","og_url":"https:\/\/magnummanagement.fi\/?page_id=3","og_site_name":"Magnum-konserni","article_modified_time":"2023-11-19T19:25:37+00:00","twitter_card":"summary_large_image","twitter_misc":{"Arvioitu lukuaika":"5 minuuttia"},"schema":{"@context":"https:\/\/schema.org","@graph":[{"@type":"WebPage","@id":"https:\/\/magnummanagement.fi\/?page_id=3","url":"https:\/\/magnummanagement.fi\/?page_id=3","name":"Tietosuojalauseke - Magnum-konserni","isPartOf":{"@id":"https:\/\/magnummanagement.fi\/#website"},"datePublished":"2023-09-06T10:20:46+00:00","dateModified":"2023-11-19T19:25:37+00:00","description":"Haluamme pit\u00e4\u00e4 hyv\u00e4\u00e4 huolta asiakkaistamme ja tietosuojasta. T\u00e4\u00e4ll\u00e4 voit tutustua MagnumManagementin tietosuojalausekkeeseen.","breadcrumb":{"@id":"https:\/\/magnummanagement.fi\/?page_id=3#breadcrumb"},"inLanguage":"fi","potentialAction":[{"@type":"ReadAction","target":["https:\/\/magnummanagement.fi\/?page_id=3"]}]},{"@type":"BreadcrumbList","@id":"https:\/\/magnummanagement.fi\/?page_id=3#breadcrumb","itemListElement":[{"@type":"ListItem","position":1,"name":"Etusivu","item":"https:\/\/magnummanagement.fi\/"},{"@type":"ListItem","position":2,"name":"Tietosuojalauseke"}]},{"@type":"WebSite","@id":"https:\/\/magnummanagement.fi\/#website","url":"https:\/\/magnummanagement.fi\/","name":"Magnum-konserni","description":"","potentialAction":[{"@type":"SearchAction","target":{"@type":"EntryPoint","urlTemplate":"https:\/\/magnummanagement.fi\/?s={search_term_string}"},"query-input":{"@type":"PropertyValueSpecification","valueRequired":true,"valueName":"search_term_string"}}],"inLanguage":"fi"}]}},"_links":{"self":[{"href":"https:\/\/magnummanagement.fi\/index.php?rest_route=\/wp\/v2\/pages\/3","targetHints":{"allow":["GET"]}}],"collection":[{"href":"https:\/\/magnummanagement.fi\/index.php?rest_route=\/wp\/v2\/pages"}],"about":[{"href":"https:\/\/magnummanagement.fi\/index.php?rest_route=\/wp\/v2\/types\/page"}],"author":[{"embeddable":true,"href":"https:\/\/magnummanagement.fi\/index.php?rest_route=\/wp\/v2\/users\/1"}],"replies":[{"embeddable":true,"href":"https:\/\/magnummanagement.fi\/index.php?rest_route=%2Fwp%2Fv2%2Fcomments&post=3"}],"version-history":[{"count":3,"href":"https:\/\/magnummanagement.fi\/index.php?rest_route=\/wp\/v2\/pages\/3\/revisions"}],"predecessor-version":[{"id":105,"href":"https:\/\/magnummanagement.fi\/index.php?rest_route=\/wp\/v2\/pages\/3\/revisions\/105"}],"wp:attachment":[{"href":"https:\/\/magnummanagement.fi\/index.php?rest_route=%2Fwp%2Fv2%2Fmedia&parent=3"}],"curies":[{"name":"wp","href":"https:\/\/api.w.org\/{rel}","templated":true}]}}